{"id":39,"date":"2024-09-19T18:32:34","date_gmt":"2024-09-19T18:32:34","guid":{"rendered":"http:\/\/botanic.com.br\/novo\/about\/"},"modified":"2024-10-16T22:11:39","modified_gmt":"2024-10-16T22:11:39","slug":"sobre-nos","status":"publish","type":"page","link":"http:\/\/botanic.com.br\/novo\/sobre-nos\/","title":{"rendered":"Sobre N\u00f3s"},"content":{"rendered":"\n\n\n<p>A Botanic Ambiental \u00e9 uma empresa de consultoria ambiental que guia neg\u00f3cios rumo \u00e0 sustentabilidade. Acreditamos que o desenvolvimento econ\u00f4mico e a responsabilidade socioambiental devem caminhar juntos. <br><br>Por isso, oferecemos solu\u00e7\u00f5es personalizadas para que sua empresa prospere em harmonia com o meio ambiente. Nosso time de especialistas atua em todas as etapas do licenciamento ambiental, regulariza\u00e7\u00e3o de empreendimentos e monitoramento, garantindo a viabilidade do seu neg\u00f3cio com o m\u00ednimo impacto ambiental.<\/p>\n\n\n\n\n\n<h2>SOBRE A BOTANIC<\/h2>\n\n\n\n\n\n\n\n<h2>Informa\u00e7\u00f5es ambientais<\/h2>\n\n\n\n\n\n\nLicenciamento Ambiental\n\n\n\nGest\u00e3o de Res\u00edduos\n\n\n\nEstudos Ambientais\n\n\n\nMonitoramento Ambiental\n\n\n\nAuditoria Ambiental\n\n\n\nRecupera\u00e7\u00e3o de \u00c1reas Degradadas\n\n\n\n\n\n\n\nPlano de Gerenciamento de Riscos (PGR)\n\n\n\nEduca\u00e7\u00e3o Ambiental\n\n\n\nPesquisa Mineral\n\n\n\nRemedia\u00e7\u00e3o de \u00e1reas mineradas\n\n\n\nProgramas de Seguran\u00e7a\n\n\n\nLaudos e Avalia\u00e7\u00f5es\n\n\n\n\n\n\n\nInvent\u00e1rio Florestal\n\n\n\nManejo Florestal Sustent\u00e1vel\n\n\n\nAutoriza\u00e7\u00e3o para Supress\u00e3o Vegetal\n\n\n\nESG e Sustentabilidade\n\n\n\nMudan\u00e7as Clim\u00e1ticas\n\n\n\nEnergia Renov\u00e1vel\n\n\n\n\n\n\n\n\n\n\n<h2><strong>Orienta\u00e7\u00e3o Estrat\u00e9gica<\/strong><\/h2>\n\n\n\n\n\n<ul><li><ul><li><strong><font style=\"vertical-align: inherit;\"><font style=\"vertical-align: inherit;\">Vis\u00e3o:<\/font><\/font><\/strong><font style=\"vertical-align: inherit;\"><font style=\"vertical-align: inherit;\"> &nbsp;Ser refer\u00eancia nacional em consultoria ambiental com solidez, reconhecida pela sua compet\u00eancia, qualidade, diversidade de solu\u00e7\u00f5es, aliada \u00e0 transpar\u00eancia e responsabilidade ambiental.<\/font><\/font><\/li><br>\t\t<li><strong><font style=\"vertical-align: inherit;\"><font style=\"vertical-align: inherit;\">Miss\u00e3o:<\/font><\/font><\/strong><font style=\"vertical-align: inherit;\"><font style=\"vertical-align: inherit;\"> &nbsp;Proporcionar solu\u00e7\u00f5es ambientais sustent\u00e1veis \u200b\u200baos seus clientes, parceiros e a sociedade, buscando desenvolvimento ambiental equilibrado e consciente.<\/font><\/font><\/li><br>\t\t<li><strong><font style=\"vertical-align: inherit;\"><font style=\"vertical-align: inherit;\">Valores: <\/font><\/font><\/strong><br><font style=\"vertical-align: inherit;\"><font style=\"vertical-align: inherit;\">\u00c9tica <\/font><\/font><br><font style=\"vertical-align: inherit;\"><font style=\"vertical-align: inherit;\">Respeito <\/font><\/font><br><font style=\"vertical-align: inherit;\"><font style=\"vertical-align: inherit;\">Qualidade\/Excel\u00eancia em Servi\u00e7os <\/font><\/font><br><font style=\"vertical-align: inherit;\"><font style=\"vertical-align: inherit;\">Comprometimento<\/font><\/font><\/li><\/ul><\/li><\/ul>\n","protected":false},"excerpt":{"rendered":"<p>A Botanic Ambiental \u00e9 uma empresa de consultoria ambiental que guia neg\u00f3cios rumo \u00e0 sustentabilidade. Acreditamos que o desenvolvimento econ\u00f4mico e a responsabilidade socioambiental devem caminhar juntos. Por isso, oferecemos solu\u00e7\u00f5es personalizadas para que sua empresa prospere em harmonia com o meio ambiente. Nosso time de especialistas atua em todas as etapas do licenciamento ambiental, [&hellip;]<\/p>\n","protected":false},"author":0,"featured_media":0,"parent":0,"menu_order":0,"comment_status":"closed","ping_status":"closed","template":"","meta":{"pagelayer_contact_templates":[],"_pagelayer_content":"","footnotes":""},"class_list":["post-39","page","type-page","status-publish","hentry"],"_links":{"self":[{"href":"http:\/\/botanic.com.br\/novo\/wp-json\/wp\/v2\/pages\/39","targetHints":{"allow":["GET"]}}],"collection":[{"href":"http:\/\/botanic.com.br\/novo\/wp-json\/wp\/v2\/pages"}],"about":[{"href":"http:\/\/botanic.com.br\/novo\/wp-json\/wp\/v2\/types\/page"}],"replies":[{"embeddable":true,"href":"http:\/\/botanic.com.br\/novo\/wp-json\/wp\/v2\/comments?post=39"}],"version-history":[{"count":5,"href":"http:\/\/botanic.com.br\/novo\/wp-json\/wp\/v2\/pages\/39\/revisions"}],"predecessor-version":[{"id":92,"href":"http:\/\/botanic.com.br\/novo\/wp-json\/wp\/v2\/pages\/39\/revisions\/92"}],"wp:attachment":[{"href":"http:\/\/botanic.com.br\/novo\/wp-json\/wp\/v2\/media?parent=39"}],"curies":[{"name":"wp","href":"https:\/\/api.w.org\/{rel}","templated":true}]}}