{"id":127,"date":"2024-11-09T00:31:21","date_gmt":"2024-11-09T00:31:21","guid":{"rendered":"http:\/\/botanic.com.br\/novo\/?page_id=127"},"modified":"2024-11-09T00:31:21","modified_gmt":"2024-11-09T00:31:21","slug":"trabalhos-realizados","status":"publish","type":"page","link":"http:\/\/botanic.com.br\/novo\/trabalhos-realizados\/","title":{"rendered":"Trabalhos Realizados"},"content":{"rendered":"\n<strong>Resumo dos Trabalhos Realizados<br><\/strong><br>A\u00a0<strong>BOT\u00c2NIC<\/strong>\u00a0consultoria s\u00f3cio ambiental realizou v\u00e1rios trabalhos no sitio\u00a0<strong>\u201cLAK MARU\u201d<\/strong>.<strong>Trabalhos como:<\/strong>\u00a0inser\u00e7\u00f5es de medidas, regulariza\u00e7\u00e3o da reserva florestal legal, e fazendo com que o mesmo faz parte do PROMATA, programa de prote\u00e7\u00e3o da mata atl\u00e2ntica.<br><br>O projeto consiste em cadastrar propriedades rurais e destacar \u00e1reas de relev\u00e2ncia para reflorestamento ou regenera\u00e7\u00e3o natural.Para o ano de 2010 ser\u00e3o 1200 hectares com plantio de mudas e 1000 com apenas cercamento da \u00e1rea para regenera\u00e7\u00e3o natural.<br><strong><br>O produtor que participar do programa receber\u00e1 a titulo de incentivo financeiro\/fomento florestal a quantia de R$ 140,00 a 300,00 por hectare\/ano para manter a sua \u00e1rea cadastrada e protegida.<\/strong><br><br>A BOT\u00c2NIC consultoria s\u00f3cio ambiental implantou o PGRSS\u00a0<strong>(Plano de gerenciamento de res\u00edduo de servi\u00e7o de sa\u00fade)<\/strong>\u00a0no Hospital Veterin\u00e1rio Estrada Real, fazendo todo o gerenciamento dos res\u00edduos gerado no estabelecimento e capacitando todos os funcion\u00e1rios para que os mesmos fa\u00e7am a segrega\u00e7\u00e3o e o acondicionamento dos res\u00edduos da maneira certa, evitando a contamina\u00e7\u00e3o dos funcion\u00e1rios, dos animais e do meio ambiente para que os res\u00edduos possam ter a destina\u00e7\u00e3o final correta.<br><br>A BOT\u00c2NIC consultoria s\u00f3cio ambiental elaborou e implantou o PGRS\u00a0<strong>(Plano de gerenciamento de res\u00edduo s\u00f3lidos)<\/strong>\u00a0na Aspecto M\u00f3veis Hospitalares, gerenciando todo o res\u00edduo gerado na empresa dando corretamente o descarte final e fazendo com que a mesma possui a licen\u00e7a ambiental e seja legalizada no \u00f3rg\u00e3o ambiental para operar normalmente.\n","protected":false},"excerpt":{"rendered":"","protected":false},"author":1,"featured_media":0,"parent":0,"menu_order":0,"comment_status":"closed","ping_status":"closed","template":"","meta":{"pagelayer_contact_templates":[],"_pagelayer_content":"","footnotes":""},"class_list":["post-127","page","type-page","status-publish","hentry"],"_links":{"self":[{"href":"http:\/\/botanic.com.br\/novo\/wp-json\/wp\/v2\/pages\/127","targetHints":{"allow":["GET"]}}],"collection":[{"href":"http:\/\/botanic.com.br\/novo\/wp-json\/wp\/v2\/pages"}],"about":[{"href":"http:\/\/botanic.com.br\/novo\/wp-json\/wp\/v2\/types\/page"}],"author":[{"embeddable":true,"href":"http:\/\/botanic.com.br\/novo\/wp-json\/wp\/v2\/users\/1"}],"replies":[{"embeddable":true,"href":"http:\/\/botanic.com.br\/novo\/wp-json\/wp\/v2\/comments?post=127"}],"version-history":[{"count":1,"href":"http:\/\/botanic.com.br\/novo\/wp-json\/wp\/v2\/pages\/127\/revisions"}],"predecessor-version":[{"id":129,"href":"http:\/\/botanic.com.br\/novo\/wp-json\/wp\/v2\/pages\/127\/revisions\/129"}],"wp:attachment":[{"href":"http:\/\/botanic.com.br\/novo\/wp-json\/wp\/v2\/media?parent=127"}],"curies":[{"name":"wp","href":"https:\/\/api.w.org\/{rel}","templated":true}]}}